{"id":1685,"date":"2020-06-04T11:12:32","date_gmt":"2020-06-04T09:12:32","guid":{"rendered":"https:\/\/spacewoodfair.wpcomstaging.com\/?page_id=1685"},"modified":"2020-09-22T10:19:00","modified_gmt":"2020-09-22T10:19:00","slug":"impressum","status":"publish","type":"page","link":"https:\/\/www.spacewood.de\/en\/impressum\/","title":{"rendered":"Imprint"},"content":{"rendered":"<div data-elementor-type=\"wp-page\" data-elementor-id=\"1685\" class=\"elementor elementor-1685\" data-elementor-post-type=\"page\">\n\t\t\t\t\t\t<section class=\"elementor-section elementor-top-section elementor-element elementor-element-4fe7caf7 elementor-section-boxed elementor-section-height-default elementor-section-height-default\" data-id=\"4fe7caf7\" data-element_type=\"section\" data-e-type=\"section\">\n\t\t\t\t\t\t<div class=\"elementor-container elementor-column-gap-default\">\n\t\t\t\t\t<div class=\"elementor-column elementor-col-100 elementor-top-column elementor-element elementor-element-60f49def\" data-id=\"60f49def\" data-element_type=\"column\" data-e-type=\"column\">\n\t\t\t<div class=\"elementor-widget-wrap elementor-element-populated\">\n\t\t\t\t\t\t<div class=\"elementor-element elementor-element-1d7708fb elementor-widget elementor-widget-heading\" data-id=\"1d7708fb\" data-element_type=\"widget\" data-e-type=\"widget\" data-widget_type=\"heading.default\">\n\t\t\t\t<div class=\"elementor-widget-container\">\n\t\t\t\t\t<h2 class=\"elementor-heading-title elementor-size-default\">IMPRESSUM<\/h2>\t\t\t\t<\/div>\n\t\t\t\t<\/div>\n\t\t\t\t\t<\/div>\n\t\t<\/div>\n\t\t\t\t\t<\/div>\n\t\t<\/section>\n\t\t\t\t<section class=\"elementor-section elementor-top-section elementor-element elementor-element-37c10fe1 elementor-section-boxed elementor-section-height-default elementor-section-height-default\" data-id=\"37c10fe1\" data-element_type=\"section\" data-e-type=\"section\">\n\t\t\t\t\t\t<div class=\"elementor-container elementor-column-gap-default\">\n\t\t\t\t\t<div class=\"elementor-column elementor-col-100 elementor-top-column elementor-element elementor-element-5e0ca318\" data-id=\"5e0ca318\" data-element_type=\"column\" data-e-type=\"column\">\n\t\t\t<div class=\"elementor-widget-wrap elementor-element-populated\">\n\t\t\t\t\t\t<div class=\"elementor-element elementor-element-8948d2b elementor-widget elementor-widget-text-editor\" data-id=\"8948d2b\" data-element_type=\"widget\" data-e-type=\"widget\" data-widget_type=\"text-editor.default\">\n\t\t\t\t<div class=\"elementor-widget-container\">\n\t\t\t\t\t\t\t\t\t<article class=\"uk-article\">\n<h4>Angaben gem\u00e4\u00df \u00a7&nbsp;5 TMG:<\/h4>\n<p>Spacewood GmbH<br>Intzestra\u00dfe 12<br>60314 Frankfurt am Main<\/p>\n<h4>Vertreten durch:<\/h4>\n<p>Spacewood GmbH, vertreten durch den Gesch\u00e4ftsf\u00fchrer Herrn Sven Eismann<\/p>\n<h4>Kontakt:<\/h4>\n<p>Telefon: +49 69 \/ 943186-0<br>Telefax: +49 69 \/ 943186-20<br>E-Mail: <span id=\"cloakcb41da30b38366c3c63fa24ec4d68dd6\"><a href=\"mailto:info@spacewood.de\">info@spacewood.de<\/a><\/span><\/p>\n<h4>Registereintrag:<\/h4>\n<p>Eintragung im Handelsregister. <br>Registergericht: Amtsgericht Frankfurt <br>Registernummer: HRB 51693<\/p>\n<h4>Umsatzsteuer:<\/h4>\n<p>Umsatzsteuer-Identifikationsnummer gem\u00e4\u00df \u00a7&nbsp;27&nbsp;a Umsatzsteuergesetz:<br>DE213924192 (Spacewood GmbH)<\/p>\n<h4>Verantwortlich f\u00fcr den Inhalt nach \u00a7&nbsp;55 Abs.&nbsp;2 RStV:<\/h4>\n<p>Herr Sven Eismann<br>Intzestra\u00dfe 12<br>60314 Frankfurt am Main<\/p>\n<h4>Angaben zur Berufshaftpflichtversicherung:<\/h4>\n<p>Name und Sitz des Versicherers:<br>Gothaer Allgemeine Versicherung AG<br>Hauptverwaltung<br>50598 K\u00f6ln<\/p>\n<p>Geltungsraum der Versicherung: Im gesamten EU-Gebiet und den Staaten des Abkommens \u00fcber den Europ\u00e4ischen Wirtschaftsraum.<\/p>\n<hr>\n<h4>F\u00fcr den Inhalt des Bereiches Catering &amp; Events ist zust\u00e4ndig:<\/h4>\n<p>Catering &amp; Event Services<br>Eismann &amp; Eismann GbR<br>Waitzen\u00e4ckerstra\u00dfe 4<br>63075 Offenbach<\/p>\n<h4>Kontakt:<\/h4>\n<p>Telefon: +49 69 \/ 943186-0<br>Telefax: +49 69 \/ 943186-20<br>E-Mail: <span id=\"cloak8a129105c2944b1ded495167e4ede236\"><a href=\"mailto:info@spacewood.de\">info@spacewood.de<\/a><\/span><\/p>\n<h4>Vertreten durch:<\/h4>\n<p>Eismann &amp; Eismann GbR, vertreten durch die Inhaber Sven Eismann &amp; Katharina Eismann<\/p>\n<h4>Umsatzsteuer:<\/h4>\n<p>Umsatzsteuer-Identifikationsnummer gem\u00e4\u00df \u00a7&nbsp;27&nbsp;a Umsatzsteuergesetz:<br>DE215953528 (Eismann &amp; Eismann GbR)<\/p>\n<h4>Streitschlichtung:<\/h4>\n<p>Die Europ\u00e4ische Kommission stellt eine Plattform zur Online-Streitbeilegung (OS) bereit: <a href=\"https:\/\/ec.europa.eu\/consumers\/odr\" target=\"_blank\" rel=\"noopener\">https:\/\/ec.europa.eu\/consumers\/odr<\/a>.<br>Unsere E-Mail-Adresse finden Sie oben im Impressum.<\/p>\n<p>Wir sind nicht bereit oder verpflichtet, an Streitbeilegungsverfahren vor einer Verbraucherschlichtungsstelle teilzunehmen.<\/p>\n<h4>Websitedesign und Realisierung, technischer Ansprechpartner:<\/h4>\n<p>Spacewood GmbH<br>Intzestra\u00dfe 12<br>60314 Frankfurt am Main<\/p>\n<p>Telefon: +49 69 \/ 943186-0<br>Telefax: +49 69 \/ 943186-20<br>E-Mail: <span id=\"cloak8a129105c2944b1ded495167e4ede236\"><a href=\"mailto:info@spacewood.de\">info@spacewood.de<\/a><\/span><\/p>\n<h4>Haftung f\u00fcr Inhalte:<\/h4>\n<p>Als Diensteanbieter sind wir gem\u00e4\u00df \u00a7&nbsp;7 Abs.1 TMG f\u00fcr eigene Inhalte auf diesen Seiten nach den allgemeinen Gesetzen verantwortlich. Nach \u00a7\u00a7&nbsp;8 bis 10 TMG sind wir als Diensteanbieter jedoch nicht verpflichtet, \u00fcbermittelte oder gespeicherte fremde Informationen zu \u00fcberwachen oder nach Umst\u00e4nden zu forschen, die auf eine rechtswidrige T\u00e4tigkeit hinweisen.<\/p>\n<p>Verpflichtungen zur Entfernung oder Sperrung der Nutzung von Informationen nach den allgemeinen Gesetzen bleiben hiervon unber\u00fchrt. Eine diesbez\u00fcgliche Haftung ist jedoch erst ab dem Zeitpunkt der Kenntnis einer konkreten Rechtsverletzung m\u00f6glich. Bei Bekanntwerden von entsprechenden Rechtsverletzungen werden wir diese Inhalte umgehend entfernen.<\/p>\n<h4>Haftung f\u00fcr Links:<\/h4>\n<p>Unser Angebot enth\u00e4lt Links zu externen Websites Dritter, auf deren Inhalte wir keinen Einfluss haben. Deshalb k\u00f6nnen wir f\u00fcr diese fremden Inhalte auch keine Gew\u00e4hr \u00fcbernehmen. F\u00fcr die Inhalte der verlinkten Seiten ist stets der jeweilige Anbieter oder Betreiber der Seiten verantwortlich. Die verlinkten Seiten wurden zum Zeitpunkt der Verlinkung auf m\u00f6gliche Rechtsverst\u00f6\u00dfe \u00fcberpr\u00fcft. Rechtswidrige Inhalte waren zum Zeitpunkt der Verlinkung nicht erkennbar.<\/p>\n<p>Eine permanente inhaltliche Kontrolle der verlinkten Seiten ist jedoch ohne konkrete Anhaltspunkte einer Rechtsverletzung nicht zumutbar. Bei Bekanntwerden von Rechtsverletzungen werden wir derartige Links umgehend entfernen.<\/p>\n<h4>Urheberrecht:<\/h4>\n<p>Die durch die Seitenbetreiber erstellten Inhalte und Werke auf diesen Seiten unterliegen dem deutschen Urheberrecht. Die Vervielf\u00e4ltigung, Bearbeitung, Verbreitung und jede Art der Verwertung au\u00dferhalb der Grenzen des Urheberrechtes bed\u00fcrfen der schriftlichen Zustimmung des jeweiligen Autors bzw. Erstellers. Downloads und Kopien dieser Seite sind nur f\u00fcr den privaten, nicht kommerziellen Gebrauch gestattet.<\/p>\n<p>Soweit die Inhalte auf dieser Seite nicht vom Betreiber erstellt wurden, werden die Urheberrechte Dritter beachtet. Insbesondere werden Inhalte Dritter als solche gekennzeichnet. Sollten Sie trotzdem auf eine Urheberrechtsverletzung aufmerksam werden, bitten wir um einen entsprechenden Hinweis. Bei Bekanntwerden von Rechtsverletzungen werden wir derartige Inhalte umgehend entfernen.<\/p>\n<\/article>\t\t\t\t\t\t\t\t<\/div>\n\t\t\t\t<\/div>\n\t\t\t\t\t<\/div>\n\t\t<\/div>\n\t\t\t\t\t<\/div>\n\t\t<\/section>\n\t\t\t\t<\/div>","protected":false},"excerpt":{"rendered":"<p>IMPRESSUM Angaben gem\u00e4\u00df \u00a7&nbsp;5 TMG: Spacewood GmbHIntzestra\u00dfe 1260314 Frankfurt am Main Vertreten durch: Spacewood GmbH, vertreten durch den Gesch\u00e4ftsf\u00fchrer Herrn Sven Eismann Kontakt: Telefon: +49 69 \/ 943186-0Telefax: +49 69 \/ 943186-20E-Mail: info@spacewood.de Registereintrag: Eintragung im Handelsregister. Registergericht: Amtsgericht Frankfurt Registernummer: HRB 51693 Umsatzsteuer: Umsatzsteuer-Identifikationsnummer gem\u00e4\u00df \u00a7&nbsp;27&nbsp;a Umsatzsteuergesetz:DE213924192 (Spacewood GmbH) Verantwortlich f\u00fcr den Inhalt nach [&hellip;]<\/p>","protected":false},"author":1,"featured_media":0,"parent":0,"menu_order":0,"comment_status":"closed","ping_status":"closed","template":"","meta":{"ocean_post_layout":"","ocean_both_sidebars_style":"","ocean_both_sidebars_content_width":0,"ocean_both_sidebars_sidebars_width":0,"ocean_sidebar":"0","ocean_second_sidebar":"0","ocean_disable_margins":"enable","ocean_add_body_class":"","ocean_shortcode_before_top_bar":"","ocean_shortcode_after_top_bar":"","ocean_shortcode_before_header":"","ocean_shortcode_after_header":"","ocean_has_shortcode":"","ocean_shortcode_after_title":"","ocean_shortcode_before_footer_widgets":"","ocean_shortcode_after_footer_widgets":"","ocean_shortcode_before_footer_bottom":"","ocean_shortcode_after_footer_bottom":"","ocean_display_top_bar":"off","ocean_display_header":"default","ocean_header_style":"","ocean_center_header_left_menu":"0","ocean_custom_header_template":"0","ocean_custom_logo":0,"ocean_custom_retina_logo":0,"ocean_custom_logo_max_width":0,"ocean_custom_logo_tablet_max_width":0,"ocean_custom_logo_mobile_max_width":0,"ocean_custom_logo_max_height":0,"ocean_custom_logo_tablet_max_height":0,"ocean_custom_logo_mobile_max_height":0,"ocean_header_custom_menu":"0","ocean_menu_typo_font_family":"0","ocean_menu_typo_font_subset":"","ocean_menu_typo_font_size":0,"ocean_menu_typo_font_size_tablet":0,"ocean_menu_typo_font_size_mobile":0,"ocean_menu_typo_font_size_unit":"px","ocean_menu_typo_font_weight":"","ocean_menu_typo_font_weight_tablet":"","ocean_menu_typo_font_weight_mobile":"","ocean_menu_typo_transform":"","ocean_menu_typo_transform_tablet":"","ocean_menu_typo_transform_mobile":"","ocean_menu_typo_line_height":0,"ocean_menu_typo_line_height_tablet":0,"ocean_menu_typo_line_height_mobile":0,"ocean_menu_typo_line_height_unit":"","ocean_menu_typo_spacing":0,"ocean_menu_typo_spacing_tablet":0,"ocean_menu_typo_spacing_mobile":0,"ocean_menu_typo_spacing_unit":"","ocean_menu_link_color":"","ocean_menu_link_color_hover":"","ocean_menu_link_color_active":"","ocean_menu_link_background":"","ocean_menu_link_hover_background":"","ocean_menu_link_active_background":"","ocean_menu_social_links_bg":"","ocean_menu_social_hover_links_bg":"","ocean_menu_social_links_color":"","ocean_menu_social_hover_links_color":"","ocean_disable_title":"on","ocean_disable_heading":"default","ocean_post_title":"","ocean_post_subheading":"","ocean_post_title_style":"","ocean_post_title_background_color":"","ocean_post_title_background":0,"ocean_post_title_bg_image_position":"","ocean_post_title_bg_image_attachment":"","ocean_post_title_bg_image_repeat":"","ocean_post_title_bg_image_size":"","ocean_post_title_height":0,"ocean_post_title_bg_overlay":0.5,"ocean_post_title_bg_overlay_color":"","ocean_disable_breadcrumbs":"default","ocean_breadcrumbs_color":"","ocean_breadcrumbs_separator_color":"","ocean_breadcrumbs_links_color":"","ocean_breadcrumbs_links_hover_color":"","ocean_display_footer_widgets":"default","ocean_display_footer_bottom":"default","ocean_custom_footer_template":"0","_vp_format_video_url":"","_vp_image_focal_point":[],"footnotes":""},"class_list":["post-1685","page","type-page","status-publish","hentry","entry"],"_links":{"self":[{"href":"https:\/\/www.spacewood.de\/en\/wp-json\/wp\/v2\/pages\/1685","targetHints":{"allow":["GET"]}}],"collection":[{"href":"https:\/\/www.spacewood.de\/en\/wp-json\/wp\/v2\/pages"}],"about":[{"href":"https:\/\/www.spacewood.de\/en\/wp-json\/wp\/v2\/types\/page"}],"author":[{"embeddable":true,"href":"https:\/\/www.spacewood.de\/en\/wp-json\/wp\/v2\/users\/1"}],"replies":[{"embeddable":true,"href":"https:\/\/www.spacewood.de\/en\/wp-json\/wp\/v2\/comments?post=1685"}],"version-history":[{"count":4,"href":"https:\/\/www.spacewood.de\/en\/wp-json\/wp\/v2\/pages\/1685\/revisions"}],"predecessor-version":[{"id":4350,"href":"https:\/\/www.spacewood.de\/en\/wp-json\/wp\/v2\/pages\/1685\/revisions\/4350"}],"wp:attachment":[{"href":"https:\/\/www.spacewood.de\/en\/wp-json\/wp\/v2\/media?parent=1685"}],"curies":[{"name":"wp","href":"https:\/\/api.w.org\/{rel}","templated":true}]}}